{"id":328,"date":"2025-07-25T12:30:53","date_gmt":"2025-07-25T12:30:53","guid":{"rendered":"https:\/\/apieducationforum.org\/?page_id=328"},"modified":"2026-03-13T12:37:01","modified_gmt":"2026-03-13T12:37:01","slug":"a-propos","status":"publish","type":"page","link":"https:\/\/apieducationforum.org\/fr\/a-propos\/","title":{"rendered":"A propos"},"content":{"rendered":"<p>[et_pb_section fb_built=\u00a0\u00bb1&Prime; _builder_version=\u00a0\u00bb4.27.4&Prime; _module_preset=\u00a0\u00bbdefault\u00a0\u00bb background_image=\u00a0\u00bbhttps:\/\/apieducationforum.org\/wp-content\/uploads\/2025\/07\/bandeau-accademique2.jpg\u00a0\u00bb custom_padding=\u00a0\u00bb||263px|||\u00a0\u00bb box_shadow_style=\u00a0\u00bbpreset2&Prime; global_colors_info=\u00a0\u00bb{}\u00a0\u00bb][et_pb_row column_structure=\u00a0\u00bb3_4,1_4&Prime; _builder_version=\u00a0\u00bb4.27.4&Prime; _module_preset=\u00a0\u00bbdefault\u00a0\u00bb global_colors_info=\u00a0\u00bb{}\u00a0\u00bb][et_pb_column type=\u00a0\u00bb3_4&Prime; _builder_version=\u00a0\u00bb4.27.4&Prime; _module_preset=\u00a0\u00bbdefault\u00a0\u00bb global_colors_info=\u00a0\u00bb{}\u00a0\u00bb][et_pb_text _builder_version=\u00a0\u00bb4.27.4&Prime; _module_preset=\u00a0\u00bbdefault\u00a0\u00bb global_colors_info=\u00a0\u00bb{}\u00a0\u00bb]<\/p>\n<h1>A propos<\/h1>\n<p>[\/et_pb_text][\/et_pb_column][et_pb_column type=\u00a0\u00bb1_4&Prime; _builder_version=\u00a0\u00bb4.27.4&Prime; _module_preset=\u00a0\u00bbdefault\u00a0\u00bb global_colors_info=\u00a0\u00bb{}\u00a0\u00bb][\/et_pb_column][\/et_pb_row][\/et_pb_section][et_pb_section fb_built=\u00a0\u00bb1&Prime; module_id=\u00a0\u00bbassociation\u00a0\u00bb _builder_version=\u00a0\u00bb4.27.5&Prime; _module_preset=\u00a0\u00bbdefault\u00a0\u00bb box_shadow_style=\u00a0\u00bbpreset2&Prime; global_colors_info=\u00a0\u00bb{}\u00a0\u00bb][et_pb_row column_structure=\u00a0\u00bb3_4,1_4&Prime; module_id=\u00a0\u00bbl-association\u00a0\u00bb _builder_version=\u00a0\u00bb4.27.4&Prime; _module_preset=\u00a0\u00bbdefault\u00a0\u00bb global_colors_info=\u00a0\u00bb{}\u00a0\u00bb][et_pb_column type=\u00a0\u00bb3_4&Prime; _builder_version=\u00a0\u00bb4.27.4&Prime; _module_preset=\u00a0\u00bbdefault\u00a0\u00bb global_colors_info=\u00a0\u00bb{}\u00a0\u00bb][et_pb_text _builder_version=\u00a0\u00bb4.27.4&Prime; _module_preset=\u00a0\u00bbdefault\u00a0\u00bb global_colors_info=\u00a0\u00bb{}\u00a0\u00bb]<\/p>\n<h2>L&rsquo;Association<\/h2>\n<p data-start=\"954\" data-end=\"1238\"><strong data-start=\"954\" data-end=\"977\">API \u00c9ducation Forum<\/strong> est une association internationale \u00e0 but non lucratif qui f\u00e9d\u00e8re des professionnel\u00b7le\u00b7s de l\u2019\u00e9ducation, de la formation et de la recherche autour d\u2019une ambition partag\u00e9e : faire vivre une \u00e9ducation plurilingue, inclusive et ancr\u00e9e dans les r\u00e9alit\u00e9s du terrain.<\/p>\n<p data-start=\"1240\" data-end=\"1460\">N\u00e9e de la volont\u00e9 de cr\u00e9er des passerelles entre les pratiques p\u00e9dagogiques et les savoirs acad\u00e9miques, l\u2019API Forum agit comme un espace d\u2019\u00e9change, de co-construction et de diffusion d\u2019outils, d\u2019id\u00e9es et de perspectives.<\/p>\n<p data-start=\"1462\" data-end=\"1483\"><strong data-start=\"1462\" data-end=\"1483\">Nous r\u00e9unissons :<\/strong><\/p>\n<ul data-start=\"1484\" data-end=\"1696\">\n<li data-start=\"1484\" data-end=\"1521\">\n<p data-start=\"1486\" data-end=\"1521\">des enseignant\u00b7e\u00b7s de tous niveaux,<\/p>\n<\/li>\n<li data-start=\"1522\" data-end=\"1588\">\n<p data-start=\"1524\" data-end=\"1588\">des formateur\u00b7trice\u00b7s et responsables d\u2019institutions \u00e9ducatives,<\/p>\n<\/li>\n<li data-start=\"1589\" data-end=\"1636\">\n<p data-start=\"1591\" data-end=\"1636\">des chercheur\u00b7e\u00b7s et \u00e9tudiant\u00b7e\u00b7s engag\u00e9\u00b7e\u00b7s,<\/p>\n<\/li>\n<li data-start=\"1637\" data-end=\"1696\">\n<p data-start=\"1639\" data-end=\"1696\">ainsi que des partenaires associatifs ou institutionnels.<\/p>\n<\/li>\n<\/ul>\n<h3 data-start=\"1698\" data-end=\"1719\">Adh\u00e9rer, c\u2019est&#8230;<\/h3>\n<ul data-start=\"1721\" data-end=\"1988\">\n<li data-start=\"1721\" data-end=\"1820\">\n<p data-start=\"1723\" data-end=\"1820\">contribuer \u00e0 un r\u00e9seau dynamique, ancr\u00e9 dans des valeurs de diversit\u00e9 linguistique et culturelle,<\/p>\n<\/li>\n<li data-start=\"1821\" data-end=\"1909\">\n<p data-start=\"1823\" data-end=\"1909\">acc\u00e9der \u00e0 des contenus exclusifs, des \u00e9v\u00e9nements, des espaces de travail collaboratif,<\/p>\n<\/li>\n<li data-start=\"1910\" data-end=\"1988\">\n<p data-start=\"1912\" data-end=\"1988\">et prendre part \u00e0 un mouvement \u00e9ducatif tourn\u00e9 vers l\u2019action et l\u2019ouverture.<\/p>\n<\/li>\n<\/ul>\n<p data-start=\"1990\" data-end=\"2052\">Pour en savoir plus ou nous rejoindre :<\/p>\n<p>[\/et_pb_text][et_pb_button button_url=\u00a0\u00bb#contact\u00a0\u00bb button_text=\u00a0\u00bbDevenir membre\u00a0\u00bb _builder_version=\u00a0\u00bb4.27.4&Prime; _module_preset=\u00a0\u00bbdefault\u00a0\u00bb global_colors_info=\u00a0\u00bb{}\u00a0\u00bb][\/et_pb_button][\/et_pb_column][et_pb_column type=\u00a0\u00bb1_4&Prime; _builder_version=\u00a0\u00bb4.27.4&Prime; _module_preset=\u00a0\u00bbdefault\u00a0\u00bb global_colors_info=\u00a0\u00bb{}\u00a0\u00bb][\/et_pb_column][\/et_pb_row][\/et_pb_section][et_pb_section fb_built=\u00a0\u00bb1&Prime; disabled_on=\u00a0\u00bbon|on|on\u00a0\u00bb _builder_version=\u00a0\u00bb4.27.4&Prime; _module_preset=\u00a0\u00bbdefault\u00a0\u00bb box_shadow_style=\u00a0\u00bbpreset2&Prime; disabled=\u00a0\u00bbon\u00a0\u00bb global_colors_info=\u00a0\u00bb{}\u00a0\u00bb][et_pb_row column_structure=\u00a0\u00bb3_4,1_4&Prime; module_id=\u00a0\u00bbespace-membres\u00a0\u00bb _builder_version=\u00a0\u00bb4.27.4&Prime; _module_preset=\u00a0\u00bbdefault\u00a0\u00bb global_colors_info=\u00a0\u00bb{}\u00a0\u00bb][et_pb_column type=\u00a0\u00bb3_4&Prime; _builder_version=\u00a0\u00bb4.27.4&Prime; _module_preset=\u00a0\u00bbdefault\u00a0\u00bb global_colors_info=\u00a0\u00bb{}\u00a0\u00bb][et_pb_text _builder_version=\u00a0\u00bb4.27.4&Prime; _module_preset=\u00a0\u00bbdefault\u00a0\u00bb global_colors_info=\u00a0\u00bb{}\u00a0\u00bb]<\/p>\n<h2>Espace membres<\/h2>\n<p>Cet espace est r\u00e9serv\u00e9 aux membres de l\u2019API \u00c9ducation Forum.<br \/>\nL\u2019acc\u00e8s aux ressources se fait via un espace de partage s\u00e9curis\u00e9 (kDrive), prot\u00e9g\u00e9 par mot de passe remis aux membres.<\/p>\n<p>Vous y trouverez notamment les documents relatifs \u00e0 l\u2019assembl\u00e9e g\u00e9n\u00e9rale et au comit\u00e9.<br \/>\nUn blog d\u00e9di\u00e9 aux membres pourrait \u00e9galement voir le jour ; son lien sera alors disponible dans cette section.<\/p>\n<p>Pour toute question ou demande d\u2019acc\u00e8s, contactez-nous \u00e0<br \/>\n<a href=\"mailto:info@apieducationforum.org\">info@apieducationforum.org<\/a>.<\/p>\n<p>Pour devenir membre, merci de compl\u00e9ter le<br \/>\n<a href=\"#devenir-membre\">formulaire d\u2019adh\u00e9sion<\/a>.<\/p>\n<p>[\/et_pb_text][et_pb_button button_url=\u00a0\u00bbhttps:\/\/kdrive.infomaniak.com\/app\/share\/154590\/da86305f-215e-421a-9eca-9b01f1be1d9a\u00a0\u00bb url_new_window=\u00a0\u00bbon\u00a0\u00bb button_text=\u00a0\u00bbAcc\u00e8s aux ressources r\u00e9serv\u00e9es aux membres\u00a0\u00bb _builder_version=\u00a0\u00bb4.27.4&Prime; _module_preset=\u00a0\u00bbdefault\u00a0\u00bb global_colors_info=\u00a0\u00bb{}\u00a0\u00bb][\/et_pb_button][et_pb_text _builder_version=\u00a0\u00bb4.27.4&Prime; _module_preset=\u00a0\u00bbdefault\u00a0\u00bb global_colors_info=\u00a0\u00bb{}\u00a0\u00bb]<\/p>\n<p style=\"font-size: 1em; text-align: left;\"><a href=\"https:\/\/apieducationforum.org\/bibliotheque\/\" style=\"color: #2a4898; text-decoration: none;\" target=\"_blank\" rel=\"noopener\">\u2192 Acc\u00e9der \u00e0 la biblioth\u00e8que en libre acc\u00e8s<\/a><\/p>\n<p>[\/et_pb_text][\/et_pb_column][et_pb_column type=\u00a0\u00bb1_4&Prime; _builder_version=\u00a0\u00bb4.27.4&Prime; _module_preset=\u00a0\u00bbdefault\u00a0\u00bb global_colors_info=\u00a0\u00bb{}\u00a0\u00bb][\/et_pb_column][\/et_pb_row][\/et_pb_section][et_pb_section fb_built=\u00a0\u00bb1&Prime; _builder_version=\u00a0\u00bb4.27.4&Prime; _module_preset=\u00a0\u00bbdefault\u00a0\u00bb box_shadow_style=\u00a0\u00bbpreset2&Prime; global_colors_info=\u00a0\u00bb{}\u00a0\u00bb][et_pb_row column_structure=\u00a0\u00bb3_4,1_4&Prime; module_id=\u00a0\u00bbpartenaires\u00a0\u00bb _builder_version=\u00a0\u00bb4.27.4&Prime; _module_preset=\u00a0\u00bbdefault\u00a0\u00bb global_colors_info=\u00a0\u00bb{}\u00a0\u00bb][et_pb_column type=\u00a0\u00bb3_4&Prime; _builder_version=\u00a0\u00bb4.27.4&Prime; _module_preset=\u00a0\u00bbdefault\u00a0\u00bb global_colors_info=\u00a0\u00bb{}\u00a0\u00bb][et_pb_text _builder_version=\u00a0\u00bb4.27.4&Prime; _module_preset=\u00a0\u00bbdefault\u00a0\u00bb global_colors_info=\u00a0\u00bb{}\u00a0\u00bb]<\/p>\n<h2>Partenaires<\/h2>\n<p data-start=\"79\" data-end=\"153\">Un grand merci \u00e0 nos partenaires pour leur confiance et leur engagement.<\/p>\n<p data-start=\"160\" data-end=\"298\">Vous souhaitez devenir partenaire ou soutenir nos actions ? \u00c9crivez-nous \u00e0 <a data-start=\"235\" data-end=\"298\" class=\"cursor-pointer\" rel=\"noopener\">info@apieducationforum.org<\/a><\/p>\n<p>[\/et_pb_text][\/et_pb_column][et_pb_column type=\u00a0\u00bb1_4&Prime; _builder_version=\u00a0\u00bb4.27.4&Prime; _module_preset=\u00a0\u00bbdefault\u00a0\u00bb global_colors_info=\u00a0\u00bb{}\u00a0\u00bb][\/et_pb_column][\/et_pb_row][et_pb_row column_structure=\u00a0\u00bb1_3,1_3,1_3&Prime; _builder_version=\u00a0\u00bb4.27.4&Prime; _module_preset=\u00a0\u00bbdefault\u00a0\u00bb global_colors_info=\u00a0\u00bb{}\u00a0\u00bb][et_pb_column type=\u00a0\u00bb1_3&Prime; _builder_version=\u00a0\u00bb4.27.4&Prime; _module_preset=\u00a0\u00bbdefault\u00a0\u00bb global_colors_info=\u00a0\u00bb{}\u00a0\u00bb][et_pb_text _builder_version=\u00a0\u00bb4.27.4&Prime; _module_preset=\u00a0\u00bbdefault\u00a0\u00bb global_colors_info=\u00a0\u00bb{}\u00a0\u00bb]<\/p>\n<p><a href=\"https:\/\/www.ratiocom.ch\/\" target=\"_blank\" rel=\"noopener\"><img loading=\"lazy\" decoding=\"async\" src=\"https:\/\/apieducationforum.org\/wp-content\/uploads\/2025\/07\/ratiocom.svg\" width=\"300\" height=\"300\" alt=\"\" class=\"wp-image-396 alignnone size-medium\" \/><\/a><\/p>\n<p>[\/et_pb_text][\/et_pb_column][et_pb_column type=\u00a0\u00bb1_3&Prime; _builder_version=\u00a0\u00bb4.27.4&Prime; _module_preset=\u00a0\u00bbdefault\u00a0\u00bb global_colors_info=\u00a0\u00bb{}\u00a0\u00bb][\/et_pb_column][et_pb_column type=\u00a0\u00bb1_3&Prime; _builder_version=\u00a0\u00bb4.27.4&Prime; _module_preset=\u00a0\u00bbdefault\u00a0\u00bb global_colors_info=\u00a0\u00bb{}\u00a0\u00bb][\/et_pb_column][\/et_pb_row][\/et_pb_section]<\/p>\n","protected":false},"excerpt":{"rendered":"<p>A proposL&rsquo;Association API \u00c9ducation Forum est une association internationale \u00e0 but non lucratif qui f\u00e9d\u00e8re des professionnel\u00b7le\u00b7s de l\u2019\u00e9ducation, de la formation et de la recherche autour d\u2019une ambition partag\u00e9e [&hellip;]<\/p>\n","protected":false},"author":1,"featured_media":0,"parent":0,"menu_order":2,"comment_status":"closed","ping_status":"closed","template":"","meta":{"_et_pb_use_builder":"on","_et_pb_old_content":"","_et_gb_content_width":"","inline_featured_image":false,"footnotes":""},"class_list":["post-328","page","type-page","status-publish","hentry"],"_links":{"self":[{"href":"https:\/\/apieducationforum.org\/fr\/wp-json\/wp\/v2\/pages\/328","targetHints":{"allow":["GET"]}}],"collection":[{"href":"https:\/\/apieducationforum.org\/fr\/wp-json\/wp\/v2\/pages"}],"about":[{"href":"https:\/\/apieducationforum.org\/fr\/wp-json\/wp\/v2\/types\/page"}],"author":[{"embeddable":true,"href":"https:\/\/apieducationforum.org\/fr\/wp-json\/wp\/v2\/users\/1"}],"replies":[{"embeddable":true,"href":"https:\/\/apieducationforum.org\/fr\/wp-json\/wp\/v2\/comments?post=328"}],"version-history":[{"count":22,"href":"https:\/\/apieducationforum.org\/fr\/wp-json\/wp\/v2\/pages\/328\/revisions"}],"predecessor-version":[{"id":1674,"href":"https:\/\/apieducationforum.org\/fr\/wp-json\/wp\/v2\/pages\/328\/revisions\/1674"}],"wp:attachment":[{"href":"https:\/\/apieducationforum.org\/fr\/wp-json\/wp\/v2\/media?parent=328"}],"curies":[{"name":"wp","href":"https:\/\/api.w.org\/{rel}","templated":true}]}}