{"id":1688,"date":"2026-02-23T12:41:34","date_gmt":"2026-02-23T12:41:34","guid":{"rendered":"https:\/\/apieducationforum.org\/cotisations-2\/"},"modified":"2026-04-29T17:12:36","modified_gmt":"2026-04-29T17:12:36","slug":"cotisations-2","status":"publish","type":"page","link":"https:\/\/apieducationforum.org\/fr\/cotisations-2\/","title":{"rendered":"Cotisations"},"content":{"rendered":"<p>[et_pb_section fb_built=\u00a0\u00bb1&Prime; _builder_version=\u00a0\u00bb4.27.4&Prime; _module_preset=\u00a0\u00bbdefault\u00a0\u00bb box_shadow_style=\u00a0\u00bbpreset2&Prime; global_colors_info=\u00a0\u00bb{}\u00a0\u00bb][et_pb_row _builder_version=\u00a0\u00bb4.27.6&Prime; _module_preset=\u00a0\u00bbdefault\u00a0\u00bb global_colors_info=\u00a0\u00bb{}\u00a0\u00bb][et_pb_column type=\u00a0\u00bb4_4&Prime; _builder_version=\u00a0\u00bb4.27.6&Prime; _module_preset=\u00a0\u00bbdefault\u00a0\u00bb global_colors_info=\u00a0\u00bb{}\u00a0\u00bb][et_pb_toggle title=\u00a0\u00bbConditions of Sale: By placing your order through Checkout, you agree to the Conditions of Sale. Click here for details\u00a0\u00bb _builder_version=\u00a0\u00bb4.27.6&Prime; _module_preset=\u00a0\u00bbdefault\u00a0\u00bb hover_enabled=\u00a0\u00bb0&Prime; locked=\u00a0\u00bboff\u00a0\u00bb global_colors_info=\u00a0\u00bb{}\u00a0\u00bb sticky_enabled=\u00a0\u00bb0&Prime;]<\/p>\n<p><span style=\"font-weight: 400;\">Conditions of Sale: Membership applications are reviewed by the API Committee; if you are not accepted for membership, your money will be returned to you. Overpayment of annual membership fees will be credited to the following year.<\/span><\/p>\n<p>[\/et_pb_toggle][et_pb_toggle title=\u00a0\u00bbCredit card payment not yet operational. Please use bank transfer. Click here:\u00a0\u00bb _builder_version=\u00a0\u00bb4.27.6&Prime; _module_preset=\u00a0\u00bbdefault\u00a0\u00bb locked=\u00a0\u00bboff\u00a0\u00bb global_colors_info=\u00a0\u00bb{}\u00a0\u00bb]<\/p>\n<p><span style=\"font-weight: 400;\">Bank transfer<\/span><\/p>\n<p><span style=\"font-weight: 400;\">API Forum<\/span><\/p>\n<p><span style=\"font-weight: 400;\">IBAN: CH09 0900 0000 1654 4134 1<\/span><\/p>\n<p><span style=\"font-weight: 400;\">BIC: POFICHBEXXX<\/span><\/p>\n<p><span style=\"font-weight: 400;\">Clearing: 090002<\/span><\/p>\n<p><span style=\"font-weight: 400;\">PostFinance AG, Mingerstrasse 20, 3030 Berne, Switzerland<\/span><\/p>\n<p>[\/et_pb_toggle][\/et_pb_column][\/et_pb_row][et_pb_row column_structure=\u00a0\u00bb1_3,1_3,1_3&Prime; module_id=\u00a0\u00bbl-association\u00a0\u00bb _builder_version=\u00a0\u00bb4.27.6&Prime; _module_preset=\u00a0\u00bbdefault\u00a0\u00bb global_colors_info=\u00a0\u00bb{}\u00a0\u00bb][et_pb_column type=\u00a0\u00bb1_3&Prime; _builder_version=\u00a0\u00bb4.27.4&Prime; _module_preset=\u00a0\u00bbdefault\u00a0\u00bb global_colors_info=\u00a0\u00bb{}\u00a0\u00bb][et_pb_text _builder_version=\u00a0\u00bb4.27.6&Prime; _module_preset=\u00a0\u00bbdefault\u00a0\u00bb border_color_right=\u00a0\u00bb#DADADA\u00a0\u00bb border_style_right=\u00a0\u00bbdotted\u00a0\u00bb global_colors_info=\u00a0\u00bb{}\u00a0\u00bb]<\/p>\n<h2>Cotisations<\/h2>\n<p>Cette page vous permet de r\u00e9gler votre cotisation en ligne.<\/p>\n<p>Veuillez s\u00e9lectionner l\u2019option correspondant \u00e0 votre cat\u00e9gorie de membre dans le menu d\u00e9roulant ci-dessous, puis cliquez sur <strong>\u00ab Ajouter au panier \u00bb<\/strong> pour proc\u00e9der au paiement.<\/p>\n<p><strong>Tarifs :<\/strong><\/p>\n<ul>\n<li>60 \u20ac \u2013 Membre actif<\/li>\n<li>40 \u20ac \u2013 Membre retrait\u00e9<\/li>\n<li>20 \u20ac \u2013 \u00c9tudiant \/ Sans emploi<\/li>\n<\/ul>\n<p>Vous recevrez un e-mail de confirmation automatique une fois votre paiement valid\u00e9.<\/p>\n<p style=\"color: #777; font-style: italic; font-size: 0.9em; margin-top: 20px;\">\ud83d\udd12 Paiement s\u00e9curis\u00e9 via PostFinance Checkout. Cartes de cr\u00e9dit accept\u00e9es.<\/p>\n<p>[\/et_pb_text][\/et_pb_column][et_pb_column type=\u00a0\u00bb1_3&Prime; _builder_version=\u00a0\u00bb4.27.6&Prime; _module_preset=\u00a0\u00bbdefault\u00a0\u00bb global_colors_info=\u00a0\u00bb{}\u00a0\u00bb][\/et_pb_column][et_pb_column type=\u00a0\u00bb1_3&Prime; _builder_version=\u00a0\u00bb4.27.4&Prime; _module_preset=\u00a0\u00bbdefault\u00a0\u00bb global_colors_info=\u00a0\u00bb{}\u00a0\u00bb][et_pb_text disabled_on=\u00a0\u00bbon|on|on\u00a0\u00bb _builder_version=\u00a0\u00bb4.27.5&Prime; _module_preset=\u00a0\u00bbdefault\u00a0\u00bb disabled=\u00a0\u00bbon\u00a0\u00bb global_colors_info=\u00a0\u00bb{}\u00a0\u00bb]<\/p>\n<p><strong>Virement bancaire :<\/strong><\/p>\n<ul>\n<li><a href=\"https:\/\/apieducationforum.org\/wp-content\/uploads\/2026\/01\/QR_Facture_20260122.pdf\" target=\"_blank\" rel=\"noopener\">T\u00e9l\u00e9charger le code QR pour le r\u00e8glement de la cotisation par virement bancaire<br \/><\/a><\/li>\n<\/ul>\n<p style=\"color: #777; font-style: italic; font-size: 0.9em; margin-top: 20px;\">En cas de difficult\u00e9 dutilisation du code QR, le paiement peut \u00e9galement \u00eatre effectu\u00e9 via WISE.<\/p>\n<p>[\/et_pb_text][\/et_pb_column][\/et_pb_row][et_pb_row _builder_version=\u00a0\u00bb4.27.6&Prime; _module_preset=\u00a0\u00bbdefault\u00a0\u00bb global_colors_info=\u00a0\u00bb{}\u00a0\u00bb][et_pb_column type=\u00a0\u00bb4_4&Prime; _builder_version=\u00a0\u00bb4.27.6&Prime; _module_preset=\u00a0\u00bbdefault\u00a0\u00bb global_colors_info=\u00a0\u00bb{}\u00a0\u00bb][et_pb_toggle title=\u00a0\u00bbCredit card payment not yet operational. Please use bank transfer. Click here:\u00a0\u00bb _builder_version=\u00a0\u00bb4.27.6&Prime; _module_preset=\u00a0\u00bbdefault\u00a0\u00bb locked=\u00a0\u00bboff\u00a0\u00bb global_colors_info=\u00a0\u00bb{}\u00a0\u00bb]<\/p>\n<p><span style=\"font-weight: 400;\">Bank transfer<\/span><\/p>\n<p><span style=\"font-weight: 400;\">API Forum<\/span><\/p>\n<p><span style=\"font-weight: 400;\">IBAN: CH09 0900 0000 1654 4134 1<\/span><\/p>\n<p><span style=\"font-weight: 400;\">BIC: POFICHBEXXX<\/span><\/p>\n<p><span style=\"font-weight: 400;\">Clearing: 090002<\/span><\/p>\n<p><span style=\"font-weight: 400;\">PostFinance AG, Mingerstrasse 20, 3030 Berne, Switzerland<\/span><\/p>\n<p>[\/et_pb_toggle][\/et_pb_column][\/et_pb_row][et_pb_row column_structure=\u00a0\u00bb1_2,1_2&Prime; module_id=\u00a0\u00bbl-association\u00a0\u00bb _builder_version=\u00a0\u00bb4.27.5&Prime; _module_preset=\u00a0\u00bbdefault\u00a0\u00bb border_width_top=\u00a0\u00bb1px\u00a0\u00bb border_color_top=\u00a0\u00bb#DADADA\u00a0\u00bb border_style_top=\u00a0\u00bbdotted\u00a0\u00bb global_colors_info=\u00a0\u00bb{}\u00a0\u00bb][et_pb_column type=\u00a0\u00bb1_2&Prime; _builder_version=\u00a0\u00bb4.27.4&Prime; _module_preset=\u00a0\u00bbdefault\u00a0\u00bb global_colors_info=\u00a0\u00bb{}\u00a0\u00bb][et_pb_wc_add_to_cart _builder_version=\u00a0\u00bb4.27.5&Prime; _module_preset=\u00a0\u00bbdefault\u00a0\u00bb global_colors_info=\u00a0\u00bb{}\u00a0\u00bb][\/et_pb_wc_add_to_cart][\/et_pb_column][et_pb_column type=\u00a0\u00bb1_2&Prime; _builder_version=\u00a0\u00bb4.27.4&Prime; _module_preset=\u00a0\u00bbdefault\u00a0\u00bb global_colors_info=\u00a0\u00bb{}\u00a0\u00bb][\/et_pb_column][\/et_pb_row][\/et_pb_section]<\/p>\n","protected":false},"excerpt":{"rendered":"<p>Conditions of Sale: Membership applications are reviewed by the API Committee; if you are not accepted for membership, your money will be returned to you. Overpayment of annual membership fees [&hellip;]<\/p>\n","protected":false},"author":1,"featured_media":0,"parent":0,"menu_order":3,"comment_status":"closed","ping_status":"closed","template":"","meta":{"_et_pb_use_builder":"on","_et_pb_old_content":"","_et_gb_content_width":"","inline_featured_image":false,"footnotes":""},"class_list":["post-1688","page","type-page","status-publish","hentry"],"_links":{"self":[{"href":"https:\/\/apieducationforum.org\/fr\/wp-json\/wp\/v2\/pages\/1688","targetHints":{"allow":["GET"]}}],"collection":[{"href":"https:\/\/apieducationforum.org\/fr\/wp-json\/wp\/v2\/pages"}],"about":[{"href":"https:\/\/apieducationforum.org\/fr\/wp-json\/wp\/v2\/types\/page"}],"author":[{"embeddable":true,"href":"https:\/\/apieducationforum.org\/fr\/wp-json\/wp\/v2\/users\/1"}],"replies":[{"embeddable":true,"href":"https:\/\/apieducationforum.org\/fr\/wp-json\/wp\/v2\/comments?post=1688"}],"version-history":[{"count":5,"href":"https:\/\/apieducationforum.org\/fr\/wp-json\/wp\/v2\/pages\/1688\/revisions"}],"predecessor-version":[{"id":1962,"href":"https:\/\/apieducationforum.org\/fr\/wp-json\/wp\/v2\/pages\/1688\/revisions\/1962"}],"wp:attachment":[{"href":"https:\/\/apieducationforum.org\/fr\/wp-json\/wp\/v2\/media?parent=1688"}],"curies":[{"name":"wp","href":"https:\/\/api.w.org\/{rel}","templated":true}]}}