{"id":1173,"date":"2026-02-23T08:12:04","date_gmt":"2026-02-23T08:12:04","guid":{"rendered":"https:\/\/apieducationforum.org\/?page_id=1173"},"modified":"2026-05-06T07:44:17","modified_gmt":"2026-05-06T07:44:17","slug":"cotisations","status":"publish","type":"page","link":"https:\/\/apieducationforum.org\/fr\/cotisations\/","title":{"rendered":"Cotisations"},"content":{"rendered":"<p>[et_pb_section fb_built=\u00a0\u00bb1&Prime; _builder_version=\u00a0\u00bb4.27.4&Prime; _module_preset=\u00a0\u00bbdefault\u00a0\u00bb box_shadow_style=\u00a0\u00bbpreset2&Prime; global_colors_info=\u00a0\u00bb{}\u00a0\u00bb][et_pb_row module_id=\u00a0\u00bbl-association\u00a0\u00bb _builder_version=\u00a0\u00bb4.27.5&Prime; _module_preset=\u00a0\u00bbdefault\u00a0\u00bb global_colors_info=\u00a0\u00bb{}\u00a0\u00bb][et_pb_column type=\u00a0\u00bb4_4&Prime; _builder_version=\u00a0\u00bb4.27.4&Prime; _module_preset=\u00a0\u00bbdefault\u00a0\u00bb global_colors_info=\u00a0\u00bb{}\u00a0\u00bb][et_pb_toggle title=\u00a0\u00bbLe paiement par carte bancaire n&rsquo;est pas encore disponible. Veuillez effectuer un virement bancaire\u00a0\u00bb _builder_version=\u00a0\u00bb4.27.6&Prime; _module_preset=\u00a0\u00bbdefault\u00a0\u00bb global_colors_info=\u00a0\u00bb{}\u00a0\u00bb] Virement bancaire<\/p>\n<p>API Forum<br \/>\nIBAN: CH09 0900 0000 1654 4134 1<br \/>\nBIC: POFICHBEXXX<br \/>\nClearing: 090002<br \/>\nPostFinance AG, Mingerstrasse 20, 3030 Berne, Switzerland[\/et_pb_toggle][et_pb_text _builder_version=\u00a0\u00bb4.27.6&Prime; _module_preset=\u00a0\u00bbdefault\u00a0\u00bb border_color_right=\u00a0\u00bb#DADADA\u00a0\u00bb border_style_right=\u00a0\u00bbdotted\u00a0\u00bb global_colors_info=\u00a0\u00bb{}\u00a0\u00bb]<\/p>\n<h2>Paiement des cotisations<\/h2>\n<p>Cette page permet le r\u00e8glement en ligne des cotisations.<\/p>\n<p>Merci de choisir l&rsquo;option correspondante \u00e0 votre type de membre dans le menu d\u00e9roulant ci-dessous, puis de cliquer sur <strong>\u00ab\u00a0Ajouter au panier\u00a0\u00bb<\/strong>\u00a0afin de proc\u00e9der au paiement.<\/p>\n<p><strong>Montants :<\/strong><\/p>\n<ul>\n<li>60 \u20ac \u2013 Membre actif<\/li>\n<li>40 \u20ac \u2013 Membre retrait\u00e9<\/li>\n<li>20 \u20ac \u2013 \u00c9tudiant \/ Sans emploi<\/li>\n<\/ul>\n<p>Une confirmation automatique vous sera envoy\u00e9e par email apr\u00e8s validation du paiement.<\/p>\n<p style=\"color: #777; font-style: italic; font-size: 0.9em; margin-top: 20px;\">\ud83d\udd12 Paiement s\u00e9curis\u00e9 via PostFinance Checkout. Carte bancaire accept\u00e9e.<\/p>\n<p>[\/et_pb_text][et_pb_toggle title=\u00a0\u00bbLe paiement par carte bancaire n&rsquo;est pas encore disponible. Veuillez effectuer un virement bancaire\u00a0\u00bb _builder_version=\u00a0\u00bb4.27.6&Prime; _module_preset=\u00a0\u00bbdefault\u00a0\u00bb global_colors_info=\u00a0\u00bb{}\u00a0\u00bb] Virement bancaire<\/p>\n<p>API Forum<br \/>\nIBAN: CH09 0900 0000 1654 4134 1<br \/>\nBIC: POFICHBEXXX<br \/>\nClearing: 090002<br \/>\nPostFinance AG, Mingerstrasse 20, 3030 Berne, Switzerland[\/et_pb_toggle][\/et_pb_column][\/et_pb_row][et_pb_row column_structure=\u00a0\u00bb1_2,1_2&Prime; module_id=\u00a0\u00bbl-association\u00a0\u00bb _builder_version=\u00a0\u00bb4.27.5&Prime; _module_preset=\u00a0\u00bbdefault\u00a0\u00bb border_width_top=\u00a0\u00bb1px\u00a0\u00bb border_color_top=\u00a0\u00bb#DADADA\u00a0\u00bb border_style_top=\u00a0\u00bbdotted\u00a0\u00bb global_colors_info=\u00a0\u00bb{}\u00a0\u00bb][et_pb_column type=\u00a0\u00bb1_2&Prime; _builder_version=\u00a0\u00bb4.27.4&Prime; _module_preset=\u00a0\u00bbdefault\u00a0\u00bb global_colors_info=\u00a0\u00bb{}\u00a0\u00bb][et_pb_wc_add_to_cart _builder_version=\u00a0\u00bb4.27.5&Prime; _module_preset=\u00a0\u00bbdefault\u00a0\u00bb global_colors_info=\u00a0\u00bb{}\u00a0\u00bb][\/et_pb_wc_add_to_cart][\/et_pb_column][et_pb_column type=\u00a0\u00bb1_2&Prime; _builder_version=\u00a0\u00bb4.27.4&Prime; _module_preset=\u00a0\u00bbdefault\u00a0\u00bb global_colors_info=\u00a0\u00bb{}\u00a0\u00bb][\/et_pb_column][\/et_pb_row][et_pb_row _builder_version=\u00a0\u00bb4.27.6&Prime; _module_preset=\u00a0\u00bbdefault\u00a0\u00bb global_colors_info=\u00a0\u00bb{}\u00a0\u00bb][et_pb_column type=\u00a0\u00bb4_4&Prime; _builder_version=\u00a0\u00bb4.27.6&Prime; _module_preset=\u00a0\u00bbdefault\u00a0\u00bb global_colors_info=\u00a0\u00bb{}\u00a0\u00bb][\/et_pb_column][\/et_pb_row][\/et_pb_section]<\/p>\n","protected":false},"excerpt":{"rendered":"<p>Virement bancaire API Forum IBAN: CH09 0900 0000 1654 4134 1 BIC: POFICHBEXXX Clearing: 090002 PostFinance AG, Mingerstrasse 20, 3030 Berne, SwitzerlandPaiement des cotisations Cette page permet le r\u00e8glement en [&hellip;]<\/p>\n","protected":false},"author":1,"featured_media":0,"parent":0,"menu_order":3,"comment_status":"closed","ping_status":"closed","template":"","meta":{"_et_pb_use_builder":"on","_et_pb_old_content":"","_et_gb_content_width":"","inline_featured_image":false,"footnotes":""},"class_list":["post-1173","page","type-page","status-publish","hentry"],"_links":{"self":[{"href":"https:\/\/apieducationforum.org\/fr\/wp-json\/wp\/v2\/pages\/1173","targetHints":{"allow":["GET"]}}],"collection":[{"href":"https:\/\/apieducationforum.org\/fr\/wp-json\/wp\/v2\/pages"}],"about":[{"href":"https:\/\/apieducationforum.org\/fr\/wp-json\/wp\/v2\/types\/page"}],"author":[{"embeddable":true,"href":"https:\/\/apieducationforum.org\/fr\/wp-json\/wp\/v2\/users\/1"}],"replies":[{"embeddable":true,"href":"https:\/\/apieducationforum.org\/fr\/wp-json\/wp\/v2\/comments?post=1173"}],"version-history":[{"count":20,"href":"https:\/\/apieducationforum.org\/fr\/wp-json\/wp\/v2\/pages\/1173\/revisions"}],"predecessor-version":[{"id":2101,"href":"https:\/\/apieducationforum.org\/fr\/wp-json\/wp\/v2\/pages\/1173\/revisions\/2101"}],"wp:attachment":[{"href":"https:\/\/apieducationforum.org\/fr\/wp-json\/wp\/v2\/media?parent=1173"}],"curies":[{"name":"wp","href":"https:\/\/api.w.org\/{rel}","templated":true}]}}